{"id":18,"date":"2024-12-03T10:56:57","date_gmt":"2024-12-03T09:56:57","guid":{"rendered":"http:\/\/w19.lyceegimond.net\/?page_id=18"},"modified":"2024-12-03T11:51:35","modified_gmt":"2024-12-03T10:51:35","slug":"accueil","status":"publish","type":"page","link":"http:\/\/w19.lyceegimond.net\/","title":{"rendered":"Accueil"},"content":{"rendered":"\n<div class=\"wp-block-cover is-light\"><span aria-hidden=\"true\" class=\"wp-block-cover__background has-background-dim has-background-gradient has-very-light-gray-to-cyan-bluish-gray-gradient-background\"><\/span><div class=\"wp-block-cover__inner-container is-layout-flow wp-block-cover-is-layout-flow\">\n<div class=\"wp-block-group is-layout-constrained wp-block-group-is-layout-constrained\">\n<h2 class=\"wp-block-heading has-text-align-center has-ast-global-color-7-color has-text-color has-link-color wp-elements-d4878677b8865f5c5237e5028ffa7616\"><strong>COMP\u00c9TITION QUAD CROSS<\/strong><\/h2>\n\n\n\n<figure class=\"wp-block-gallery has-nested-images columns-default is-cropped wp-block-gallery-2 is-layout-flex wp-block-gallery-is-layout-flex\">\n<figure class=\"wp-block-image size-full is-style-default wp-duotone-unset-1\" style=\"margin-top:0;margin-bottom:0\"><img loading=\"lazy\" decoding=\"async\" width=\"640\" height=\"426\" data-id=\"21\" src=\"http:\/\/w19.lyceegimond.net\/wp-content\/uploads\/2024\/12\/quad.jpg\" alt=\"\" class=\"wp-image-21\" srcset=\"http:\/\/w19.lyceegimond.net\/wp-content\/uploads\/2024\/12\/quad.jpg 640w, http:\/\/w19.lyceegimond.net\/wp-content\/uploads\/2024\/12\/quad-300x200.jpg 300w\" sizes=\"auto, (max-width: 640px) 100vw, 640px\" \/><\/figure>\n<\/figure>\n<\/div>\n<\/div><\/div>\n\n\n\n<p><\/p>\n","protected":false},"excerpt":{"rendered":"","protected":false},"author":2,"featured_media":0,"parent":0,"menu_order":0,"comment_status":"closed","ping_status":"closed","template":"","meta":{"_uag_custom_page_level_css":"","site-sidebar-layout":"default","site-content-layout":"","ast-site-content-layout":"","site-content-style":"default","site-sidebar-style":"default","ast-global-header-display":"","ast-banner-title-visibility":"","ast-main-header-display":"","ast-hfb-above-header-display":"","ast-hfb-below-header-display":"","ast-hfb-mobile-header-display":"","site-post-title":"","ast-breadcrumbs-content":"","ast-featured-img":"","footer-sml-layout":"","theme-transparent-header-meta":"","adv-header-id-meta":"","stick-header-meta":"","header-above-stick-meta":"","header-main-stick-meta":"","header-below-stick-meta":"","astra-migrate-meta-layouts":"default","ast-page-background-enabled":"default","ast-page-background-meta":{"desktop":{"background-color":"var(--ast-global-color-4)","background-image":"","background-repeat":"repeat","background-position":"center center","background-size":"auto","background-attachment":"scroll","background-type":"","background-media":"","overlay-type":"","overlay-color":"","overlay-opacity":"","overlay-gradient":""},"tablet":{"background-color":"","background-image":"","background-repeat":"repeat","background-position":"center center","background-size":"auto","background-attachment":"scroll","background-type":"","background-media":"","overlay-type":"","overlay-color":"","overlay-opacity":"","overlay-gradient":""},"mobile":{"background-color":"","background-image":"","background-repeat":"repeat","background-position":"center center","background-size":"auto","background-attachment":"scroll","background-type":"","background-media":"","overlay-type":"","overlay-color":"","overlay-opacity":"","overlay-gradient":""}},"ast-content-background-meta":{"desktop":{"background-color":"var(--ast-global-color-5)","background-image":"","background-repeat":"repeat","background-position":"center center","background-size":"auto","background-attachment":"scroll","background-type":"","background-media":"","overlay-type":"","overlay-color":"","overlay-opacity":"","overlay-gradient":""},"tablet":{"background-color":"var(--ast-global-color-5)","background-image":"","background-repeat":"repeat","background-position":"center center","background-size":"auto","background-attachment":"scroll","background-type":"","background-media":"","overlay-type":"","overlay-color":"","overlay-opacity":"","overlay-gradient":""},"mobile":{"background-color":"var(--ast-global-color-5)","background-image":"","background-repeat":"repeat","background-position":"center center","background-size":"auto","background-attachment":"scroll","background-type":"","background-media":"","overlay-type":"","overlay-color":"","overlay-opacity":"","overlay-gradient":""}},"footnotes":""},"class_list":["post-18","page","type-page","status-publish","hentry"],"yoast_head":"<!-- This site is optimized with the Yoast SEO plugin v23.8 - https:\/\/yoast.com\/wordpress\/plugins\/seo\/ -->\n<title>Accueil - WordPress<\/title>\n<meta name=\"description\" content=\"Une course de quad cross se d\u00e9roule sur un circuit tout-terrain, g\u00e9n\u00e9ralement compos\u00e9 de pistes boueuses, de sauts, de virages serr\u00e9s et d&#039;obstacles naturels. Les pilotes, \u00e9quip\u00e9s de casques et de protections, conduisent des quads et doivent parcourir plusieurs tours de la piste dans le but de finir en t\u00eate. La comp\u00e9tition est intense, avec des acc\u00e9l\u00e9rations rapides, des man\u0153uvres techniques et des batailles pour la position. L&#039;objectif est de combiner vitesse, agilit\u00e9 et strat\u00e9gie pour \u00e9viter les erreurs et r\u00e9sister aux autres concurrents tout en g\u00e9rant la difficult\u00e9 du terrain.\" \/>\n<meta name=\"robots\" content=\"index, follow, max-snippet:-1, max-image-preview:large, max-video-preview:-1\" \/>\n<link rel=\"canonical\" href=\"http:\/\/w19.lyceegimond.net\/\" \/>\n<meta property=\"og:locale\" content=\"en_US\" \/>\n<meta property=\"og:type\" content=\"article\" \/>\n<meta property=\"og:title\" content=\"Accueil - WordPress\" \/>\n<meta property=\"og:description\" content=\"Une course de quad cross se d\u00e9roule sur un circuit tout-terrain, g\u00e9n\u00e9ralement compos\u00e9 de pistes boueuses, de sauts, de virages serr\u00e9s et d&#039;obstacles naturels. Les pilotes, \u00e9quip\u00e9s de casques et de protections, conduisent des quads et doivent parcourir plusieurs tours de la piste dans le but de finir en t\u00eate. La comp\u00e9tition est intense, avec des acc\u00e9l\u00e9rations rapides, des man\u0153uvres techniques et des batailles pour la position. L&#039;objectif est de combiner vitesse, agilit\u00e9 et strat\u00e9gie pour \u00e9viter les erreurs et r\u00e9sister aux autres concurrents tout en g\u00e9rant la difficult\u00e9 du terrain.\" \/>\n<meta property=\"og:url\" content=\"http:\/\/w19.lyceegimond.net\/\" \/>\n<meta property=\"og:site_name\" content=\"WordPress\" \/>\n<meta property=\"article:modified_time\" content=\"2024-12-03T10:51:35+00:00\" \/>\n<meta property=\"og:image\" content=\"http:\/\/w19.lyceegimond.net\/wp-content\/uploads\/2024\/12\/quad.jpg\" \/>\n<meta name=\"twitter:card\" content=\"summary_large_image\" \/>\n<meta name=\"twitter:label1\" content=\"Est. reading time\" \/>\n\t<meta name=\"twitter:data1\" content=\"1 minute\" \/>\n<script type=\"application\/ld+json\" class=\"yoast-schema-graph\">{\"@context\":\"https:\/\/schema.org\",\"@graph\":[{\"@type\":\"WebPage\",\"@id\":\"http:\/\/w19.lyceegimond.net\/\",\"url\":\"http:\/\/w19.lyceegimond.net\/\",\"name\":\"Accueil - WordPress\",\"isPartOf\":{\"@id\":\"http:\/\/w19.lyceegimond.net\/#website\"},\"primaryImageOfPage\":{\"@id\":\"http:\/\/w19.lyceegimond.net\/#primaryimage\"},\"image\":{\"@id\":\"http:\/\/w19.lyceegimond.net\/#primaryimage\"},\"thumbnailUrl\":\"http:\/\/w19.lyceegimond.net\/wp-content\/uploads\/2024\/12\/quad.jpg\",\"datePublished\":\"2024-12-03T09:56:57+00:00\",\"dateModified\":\"2024-12-03T10:51:35+00:00\",\"description\":\"Une course de quad cross se d\u00e9roule sur un circuit tout-terrain, g\u00e9n\u00e9ralement compos\u00e9 de pistes boueuses, de sauts, de virages serr\u00e9s et d'obstacles naturels. Les pilotes, \u00e9quip\u00e9s de casques et de protections, conduisent des quads et doivent parcourir plusieurs tours de la piste dans le but de finir en t\u00eate. La comp\u00e9tition est intense, avec des acc\u00e9l\u00e9rations rapides, des man\u0153uvres techniques et des batailles pour la position. L'objectif est de combiner vitesse, agilit\u00e9 et strat\u00e9gie pour \u00e9viter les erreurs et r\u00e9sister aux autres concurrents tout en g\u00e9rant la difficult\u00e9 du terrain.\",\"breadcrumb\":{\"@id\":\"http:\/\/w19.lyceegimond.net\/#breadcrumb\"},\"inLanguage\":\"en-US\",\"potentialAction\":[{\"@type\":\"ReadAction\",\"target\":[\"http:\/\/w19.lyceegimond.net\/\"]}]},{\"@type\":\"ImageObject\",\"inLanguage\":\"en-US\",\"@id\":\"http:\/\/w19.lyceegimond.net\/#primaryimage\",\"url\":\"http:\/\/w19.lyceegimond.net\/wp-content\/uploads\/2024\/12\/quad.jpg\",\"contentUrl\":\"http:\/\/w19.lyceegimond.net\/wp-content\/uploads\/2024\/12\/quad.jpg\",\"width\":640,\"height\":426},{\"@type\":\"BreadcrumbList\",\"@id\":\"http:\/\/w19.lyceegimond.net\/#breadcrumb\",\"itemListElement\":[{\"@type\":\"ListItem\",\"position\":1,\"name\":\"Accueil\",\"item\":\"http:\/\/w19.lyceegimond.net\/\"},{\"@type\":\"ListItem\",\"position\":2,\"name\":\"Accueil\"}]},{\"@type\":\"WebSite\",\"@id\":\"http:\/\/w19.lyceegimond.net\/#website\",\"url\":\"http:\/\/w19.lyceegimond.net\/\",\"name\":\"WordPress\",\"description\":\"Un site utilisant WordPress\",\"publisher\":{\"@id\":\"http:\/\/w19.lyceegimond.net\/#organization\"},\"potentialAction\":[{\"@type\":\"SearchAction\",\"target\":{\"@type\":\"EntryPoint\",\"urlTemplate\":\"http:\/\/w19.lyceegimond.net\/?s={search_term_string}\"},\"query-input\":{\"@type\":\"PropertyValueSpecification\",\"valueRequired\":true,\"valueName\":\"search_term_string\"}}],\"inLanguage\":\"en-US\"},{\"@type\":\"Organization\",\"@id\":\"http:\/\/w19.lyceegimond.net\/#organization\",\"name\":\"WordPress\",\"url\":\"http:\/\/w19.lyceegimond.net\/\",\"logo\":{\"@type\":\"ImageObject\",\"inLanguage\":\"en-US\",\"@id\":\"http:\/\/w19.lyceegimond.net\/#\/schema\/logo\/image\/\",\"url\":\"http:\/\/w19.lyceegimond.net\/wp-content\/uploads\/2024\/12\/cropped-dessin-quad.webp\",\"contentUrl\":\"http:\/\/w19.lyceegimond.net\/wp-content\/uploads\/2024\/12\/cropped-dessin-quad.webp\",\"width\":600,\"height\":421,\"caption\":\"WordPress\"},\"image\":{\"@id\":\"http:\/\/w19.lyceegimond.net\/#\/schema\/logo\/image\/\"}}]}<\/script>\n<!-- \/ Yoast SEO plugin. -->","yoast_head_json":{"title":"Accueil - WordPress","description":"Une course de quad cross se d\u00e9roule sur un circuit tout-terrain, g\u00e9n\u00e9ralement compos\u00e9 de pistes boueuses, de sauts, de virages serr\u00e9s et d'obstacles naturels. Les pilotes, \u00e9quip\u00e9s de casques et de protections, conduisent des quads et doivent parcourir plusieurs tours de la piste dans le but de finir en t\u00eate. La comp\u00e9tition est intense, avec des acc\u00e9l\u00e9rations rapides, des man\u0153uvres techniques et des batailles pour la position. L'objectif est de combiner vitesse, agilit\u00e9 et strat\u00e9gie pour \u00e9viter les erreurs et r\u00e9sister aux autres concurrents tout en g\u00e9rant la difficult\u00e9 du terrain.","robots":{"index":"index","follow":"follow","max-snippet":"max-snippet:-1","max-image-preview":"max-image-preview:large","max-video-preview":"max-video-preview:-1"},"canonical":"http:\/\/w19.lyceegimond.net\/","og_locale":"en_US","og_type":"article","og_title":"Accueil - WordPress","og_description":"Une course de quad cross se d\u00e9roule sur un circuit tout-terrain, g\u00e9n\u00e9ralement compos\u00e9 de pistes boueuses, de sauts, de virages serr\u00e9s et d'obstacles naturels. Les pilotes, \u00e9quip\u00e9s de casques et de protections, conduisent des quads et doivent parcourir plusieurs tours de la piste dans le but de finir en t\u00eate. La comp\u00e9tition est intense, avec des acc\u00e9l\u00e9rations rapides, des man\u0153uvres techniques et des batailles pour la position. L'objectif est de combiner vitesse, agilit\u00e9 et strat\u00e9gie pour \u00e9viter les erreurs et r\u00e9sister aux autres concurrents tout en g\u00e9rant la difficult\u00e9 du terrain.","og_url":"http:\/\/w19.lyceegimond.net\/","og_site_name":"WordPress","article_modified_time":"2024-12-03T10:51:35+00:00","og_image":[{"url":"http:\/\/w19.lyceegimond.net\/wp-content\/uploads\/2024\/12\/quad.jpg"}],"twitter_card":"summary_large_image","twitter_misc":{"Est. reading time":"1 minute"},"schema":{"@context":"https:\/\/schema.org","@graph":[{"@type":"WebPage","@id":"http:\/\/w19.lyceegimond.net\/","url":"http:\/\/w19.lyceegimond.net\/","name":"Accueil - WordPress","isPartOf":{"@id":"http:\/\/w19.lyceegimond.net\/#website"},"primaryImageOfPage":{"@id":"http:\/\/w19.lyceegimond.net\/#primaryimage"},"image":{"@id":"http:\/\/w19.lyceegimond.net\/#primaryimage"},"thumbnailUrl":"http:\/\/w19.lyceegimond.net\/wp-content\/uploads\/2024\/12\/quad.jpg","datePublished":"2024-12-03T09:56:57+00:00","dateModified":"2024-12-03T10:51:35+00:00","description":"Une course de quad cross se d\u00e9roule sur un circuit tout-terrain, g\u00e9n\u00e9ralement compos\u00e9 de pistes boueuses, de sauts, de virages serr\u00e9s et d'obstacles naturels. Les pilotes, \u00e9quip\u00e9s de casques et de protections, conduisent des quads et doivent parcourir plusieurs tours de la piste dans le but de finir en t\u00eate. La comp\u00e9tition est intense, avec des acc\u00e9l\u00e9rations rapides, des man\u0153uvres techniques et des batailles pour la position. L'objectif est de combiner vitesse, agilit\u00e9 et strat\u00e9gie pour \u00e9viter les erreurs et r\u00e9sister aux autres concurrents tout en g\u00e9rant la difficult\u00e9 du terrain.","breadcrumb":{"@id":"http:\/\/w19.lyceegimond.net\/#breadcrumb"},"inLanguage":"en-US","potentialAction":[{"@type":"ReadAction","target":["http:\/\/w19.lyceegimond.net\/"]}]},{"@type":"ImageObject","inLanguage":"en-US","@id":"http:\/\/w19.lyceegimond.net\/#primaryimage","url":"http:\/\/w19.lyceegimond.net\/wp-content\/uploads\/2024\/12\/quad.jpg","contentUrl":"http:\/\/w19.lyceegimond.net\/wp-content\/uploads\/2024\/12\/quad.jpg","width":640,"height":426},{"@type":"BreadcrumbList","@id":"http:\/\/w19.lyceegimond.net\/#breadcrumb","itemListElement":[{"@type":"ListItem","position":1,"name":"Accueil","item":"http:\/\/w19.lyceegimond.net\/"},{"@type":"ListItem","position":2,"name":"Accueil"}]},{"@type":"WebSite","@id":"http:\/\/w19.lyceegimond.net\/#website","url":"http:\/\/w19.lyceegimond.net\/","name":"WordPress","description":"Un site utilisant WordPress","publisher":{"@id":"http:\/\/w19.lyceegimond.net\/#organization"},"potentialAction":[{"@type":"SearchAction","target":{"@type":"EntryPoint","urlTemplate":"http:\/\/w19.lyceegimond.net\/?s={search_term_string}"},"query-input":{"@type":"PropertyValueSpecification","valueRequired":true,"valueName":"search_term_string"}}],"inLanguage":"en-US"},{"@type":"Organization","@id":"http:\/\/w19.lyceegimond.net\/#organization","name":"WordPress","url":"http:\/\/w19.lyceegimond.net\/","logo":{"@type":"ImageObject","inLanguage":"en-US","@id":"http:\/\/w19.lyceegimond.net\/#\/schema\/logo\/image\/","url":"http:\/\/w19.lyceegimond.net\/wp-content\/uploads\/2024\/12\/cropped-dessin-quad.webp","contentUrl":"http:\/\/w19.lyceegimond.net\/wp-content\/uploads\/2024\/12\/cropped-dessin-quad.webp","width":600,"height":421,"caption":"WordPress"},"image":{"@id":"http:\/\/w19.lyceegimond.net\/#\/schema\/logo\/image\/"}}]}},"uagb_featured_image_src":{"full":false,"thumbnail":false,"medium":false,"medium_large":false,"large":false,"1536x1536":false,"2048x2048":false},"uagb_author_info":{"display_name":"Bastien Lalou","author_link":"http:\/\/w19.lyceegimond.net\/index.php\/author\/bastien-lalou\/"},"uagb_comment_info":0,"uagb_excerpt":null,"_links":{"self":[{"href":"http:\/\/w19.lyceegimond.net\/index.php\/wp-json\/wp\/v2\/pages\/18","targetHints":{"allow":["GET"]}}],"collection":[{"href":"http:\/\/w19.lyceegimond.net\/index.php\/wp-json\/wp\/v2\/pages"}],"about":[{"href":"http:\/\/w19.lyceegimond.net\/index.php\/wp-json\/wp\/v2\/types\/page"}],"author":[{"embeddable":true,"href":"http:\/\/w19.lyceegimond.net\/index.php\/wp-json\/wp\/v2\/users\/2"}],"replies":[{"embeddable":true,"href":"http:\/\/w19.lyceegimond.net\/index.php\/wp-json\/wp\/v2\/comments?post=18"}],"version-history":[{"count":2,"href":"http:\/\/w19.lyceegimond.net\/index.php\/wp-json\/wp\/v2\/pages\/18\/revisions"}],"predecessor-version":[{"id":22,"href":"http:\/\/w19.lyceegimond.net\/index.php\/wp-json\/wp\/v2\/pages\/18\/revisions\/22"}],"wp:attachment":[{"href":"http:\/\/w19.lyceegimond.net\/index.php\/wp-json\/wp\/v2\/media?parent=18"}],"curies":[{"name":"wp","href":"https:\/\/api.w.org\/{rel}","templated":true}]}}